{"id":4040,"date":"2021-11-29T17:18:22","date_gmt":"2021-11-29T17:18:22","guid":{"rendered":"https:\/\/deon.qodeinteractive.com\/?page_id=4040"},"modified":"2024-12-11T20:21:12","modified_gmt":"2024-12-11T17:21:12","slug":"hakkimizda","status":"publish","type":"page","link":"https:\/\/tinazgumruk.com.tr\/en\/hakkimizda\/","title":{"rendered":"About Us"},"content":{"rendered":"<div data-elementor-type=\"wp-page\" data-elementor-id=\"4040\" class=\"elementor elementor-4040\">\n\t\t\t\t\t\t<section class=\"elementor-section elementor-top-section elementor-element elementor-element-57759e8 elementor-section-full_width qodef-elementor-content-grid qodef-extended-grid qodef-extended-grid--left elementor-section-height-default elementor-section-height-default\" data-id=\"57759e8\" data-element_type=\"section\">\n\t\t\t\t\t\t<div class=\"elementor-container elementor-column-gap-no\">\n\t\t\t\t\t<div class=\"elementor-column elementor-col-50 elementor-top-column elementor-element elementor-element-d85b46c qodef-gradient-background-column--no\" data-id=\"d85b46c\" data-element_type=\"column\">\n\t\t\t<div class=\"elementor-widget-wrap elementor-element-populated\">\n\t\t\t\t\t\t<div class=\"elementor-element elementor-element-424a5e9 elementor-widget elementor-widget-deon_core_single_image\" data-id=\"424a5e9\" data-element_type=\"widget\" data-widget_type=\"deon_core_single_image.default\">\n\t\t\t\t<div class=\"elementor-widget-container\">\n\t\t\t\t\t<div class=\"qodef-shortcode qodef-m  qodef-single-image qodef-layout--default\" >\n\t\t<div class=\"qodef-m-image\">\n\t\t\t\t\t<img fetchpriority=\"high\" decoding=\"async\" width=\"900\" height=\"563\" src=\"https:\/\/tinazgumruk.com.tr\/wp-content\/uploads\/2024\/09\/hakkimizda.jpg\" class=\"attachment-full size-full\" alt=\"\" srcset=\"https:\/\/tinazgumruk.com.tr\/wp-content\/uploads\/2024\/09\/hakkimizda.jpg 900w, https:\/\/tinazgumruk.com.tr\/wp-content\/uploads\/2024\/09\/hakkimizda-300x188.jpg 300w, https:\/\/tinazgumruk.com.tr\/wp-content\/uploads\/2024\/09\/hakkimizda-768x480.jpg 768w\" sizes=\"(max-width: 900px) 100vw, 900px\" \/>\t\t\t<\/div>\n<\/div>\n\t\t\t\t<\/div>\n\t\t\t\t<\/div>\n\t\t\t\t\t<\/div>\n\t\t<\/div>\n\t\t\t\t<div class=\"elementor-column elementor-col-50 elementor-top-column elementor-element elementor-element-d22810b qodef-gradient-background-column--no\" data-id=\"d22810b\" data-element_type=\"column\">\n\t\t\t<div class=\"elementor-widget-wrap elementor-element-populated\">\n\t\t\t\t\t\t<div class=\"elementor-element elementor-element-40f19e0 elementor-widget__width-initial elementor-widget-mobile__width-inherit elementor-widget elementor-widget-deon_core_section_title\" data-id=\"40f19e0\" data-element_type=\"widget\" data-widget_type=\"deon_core_section_title.default\">\n\t\t\t\t<div class=\"elementor-widget-container\">\n\t\t\t\t\t<div class=\"qodef-shortcode qodef-m  qodef-section-title qodef-alignment--left\">\n\t\t<p class=\"qodef-m-subtitle\" >Who We Are<\/p>\n\t\t<h2 class=\"qodef-m-title\" style=\"margin-top:10px;\">\n\t\t\t\t\tT\u0131naz<br \/> Customs Brokerage\t\t\t<\/h2>\n\t\t<div class=\"qodef-m-section-text\" ><div><div>Since 1986, we have been providing services at every stage of Foreign Trade Operations in line with the needs and demands of our clients. From the day it was established, T\u0131naz Customs Brokerage has prioritized building long-term, trust-based relationships with its clients without compromising its philosophy of quality. Thanks to its principled, honest, and systematic approach, the company has earned the appreciation, praise, and trust of its clients. As the T\u0131naz team, our primary goal is to offer fast, reliable, efficient, and practical solutions with our customer-focused business approach. T\u0131naz Customs Brokerage guarantees the most effective and professional services to understand and meet your needs. With extensive experience and deep expertise, we ensure all business processes are conducted accurately and seamlessly.<\/div><\/div><\/div>\n\t\t<\/div>\n\t\t\t\t<\/div>\n\t\t\t\t<\/div>\n\t\t\t\t\t<\/div>\n\t\t<\/div>\n\t\t\t\t\t<\/div>\n\t\t<\/section>\n\t\t\t\t<section class=\"elementor-section elementor-top-section elementor-element elementor-element-b65c732 elementor-section-full_width qodef-elementor-content-grid elementor-section-height-default elementor-section-height-default\" data-id=\"b65c732\" data-element_type=\"section\">\n\t\t\t\t\t\t<div class=\"elementor-container elementor-column-gap-default\">\n\t\t\t\t\t<div class=\"elementor-column elementor-col-33 elementor-top-column elementor-element elementor-element-a00481e qodef-gradient-background-column--no\" data-id=\"a00481e\" data-element_type=\"column\">\n\t\t\t<div class=\"elementor-widget-wrap elementor-element-populated\">\n\t\t\t\t\t\t<div class=\"elementor-element elementor-element-e10b75e elementor-widget elementor-widget-deon_core_numbered_text\" data-id=\"e10b75e\" data-element_type=\"widget\" data-widget_type=\"deon_core_numbered_text.default\">\n\t\t\t\t<div class=\"elementor-widget-container\">\n\t\t\t\t\t<div class=\"qodef-shortcode qodef-m  qodef-numbered-text qodef-alignment--left\">\n\t\t<p class=\"qodef-m-number\" >01<\/p>\n\t\t<h5 class=\"qodef-m-title\" >\n\t\t\t\t\tTrusted Since 1986\t\t\t<\/h5>\n\t\t<p class=\"qodef-m-description\" >T\u0131naz G\u00fcmr\u00fck M\u00fc\u015favirli\u011fi olarak 35 y\u0131l\u0131 a\u015fk\u0131n tecr\u00fcbemizle, d\u0131\u015f ticaret i\u015flemlerinizde g\u00fcvenilir ve profesyonel bir \u00e7\u00f6z\u00fcm orta\u011f\u0131y\u0131z.<\/p>\n\t<\/div>\n\t\t\t\t<\/div>\n\t\t\t\t<\/div>\n\t\t\t\t\t<\/div>\n\t\t<\/div>\n\t\t\t\t<div class=\"elementor-column elementor-col-33 elementor-top-column elementor-element elementor-element-24c12ac qodef-gradient-background-column--no\" data-id=\"24c12ac\" data-element_type=\"column\">\n\t\t\t<div class=\"elementor-widget-wrap elementor-element-populated\">\n\t\t\t\t\t\t<div class=\"elementor-element elementor-element-83b8988 elementor-widget elementor-widget-deon_core_numbered_text\" data-id=\"83b8988\" data-element_type=\"widget\" data-widget_type=\"deon_core_numbered_text.default\">\n\t\t\t\t<div class=\"elementor-widget-container\">\n\t\t\t\t\t<div class=\"qodef-shortcode qodef-m  qodef-numbered-text qodef-alignment--left\">\n\t\t<p class=\"qodef-m-number\" >02<\/p>\n\t\t<h5 class=\"qodef-m-title\" >\n\t\t\t\t\tCustomer Satisfaction\t\t\t<\/h5>\n\t\t<p class=\"qodef-m-description\" >M\u00fc\u015fteri taleplerini \u00f6nceliklendirerek, h\u0131zl\u0131 ve verimli \u00e7\u00f6z\u00fcmlerle ihtiya\u00e7lar\u0131n\u0131za en uygun hizmeti sunuyoruz.<\/p>\n\t<\/div>\n\t\t\t\t<\/div>\n\t\t\t\t<\/div>\n\t\t\t\t\t<\/div>\n\t\t<\/div>\n\t\t\t\t<div class=\"elementor-column elementor-col-33 elementor-top-column elementor-element elementor-element-30711f2 qodef-gradient-background-column--no\" data-id=\"30711f2\" data-element_type=\"column\">\n\t\t\t<div class=\"elementor-widget-wrap elementor-element-populated\">\n\t\t\t\t\t\t<div class=\"elementor-element elementor-element-fc92f49 elementor-widget elementor-widget-deon_core_numbered_text\" data-id=\"fc92f49\" data-element_type=\"widget\" data-widget_type=\"deon_core_numbered_text.default\">\n\t\t\t\t<div class=\"elementor-widget-container\">\n\t\t\t\t\t<div class=\"qodef-shortcode qodef-m  qodef-numbered-text qodef-alignment--left\">\n\t\t<p class=\"qodef-m-number\" >03<\/p>\n\t\t<h5 class=\"qodef-m-title\" >\n\t\t\t\t\tHonest, Principled, and Systematic Work\t\t\t<\/h5>\n\t\t<p class=\"qodef-m-description\" >Uzman ekibimizle, ilkeli ve \u015feffaf bir \u00e7al\u0131\u015fma anlay\u0131\u015f\u0131yla i\u015f s\u00fcre\u00e7lerinizi sorunsuz bir \u015fekilde y\u00f6netiyoruz.<\/p>\n\t<\/div>\n\t\t\t\t<\/div>\n\t\t\t\t<\/div>\n\t\t\t\t\t<\/div>\n\t\t<\/div>\n\t\t\t\t\t<\/div>\n\t\t<\/section>\n\t\t\t\t<section class=\"elementor-section elementor-top-section elementor-element elementor-element-9e7f1dc elementor-section-full_width qodef-elementor-content-grid qodef-extended-grid qodef-extended-grid--right elementor-section-height-default elementor-section-height-default\" data-id=\"9e7f1dc\" data-element_type=\"section\">\n\t\t\t\t\t\t<div class=\"elementor-container elementor-column-gap-no\">\n\t\t\t\t\t<div class=\"elementor-column elementor-col-50 elementor-top-column elementor-element elementor-element-3ba8807 qodef-gradient-background-column--no\" data-id=\"3ba8807\" data-element_type=\"column\">\n\t\t\t<div class=\"elementor-widget-wrap elementor-element-populated\">\n\t\t\t\t\t\t<div class=\"elementor-element elementor-element-cb62db5 elementor-widget elementor-widget-deon_core_section_title\" data-id=\"cb62db5\" data-element_type=\"widget\" data-widget_type=\"deon_core_section_title.default\">\n\t\t\t\t<div class=\"elementor-widget-container\">\n\t\t\t\t\t<div class=\"qodef-shortcode qodef-m  qodef-section-title qodef-alignment--left\">\n\t\t<p class=\"qodef-m-subtitle\" >Our Principles<\/p>\n\t\t<h3 class=\"qodef-m-title\" style=\"margin-top:9px;\">\n\t\t\t\t\tValue<br \/> Oriented Service<br \/> Approach\t\t\t<\/h3>\n\t\t\t<\/div>\n\t\t\t\t<\/div>\n\t\t\t\t<\/div>\n\t\t\t\t<div class=\"elementor-element elementor-element-afdff43 elementor-widget elementor-widget-deon_core_tabs\" data-id=\"afdff43\" data-element_type=\"widget\" data-widget_type=\"deon_core_tabs.default\">\n\t\t\t\t<div class=\"elementor-widget-container\">\n\t\t\t\t\t<div class=\"qodef-shortcode qodef-m  qodef-tabs clear qodef-orientation--horizontal qodef-layout--simple\">\n\t<ul class=\"qodef-tabs-navigation\">\n\t\t\t\t\t<li>\n\t\t\t\t<a href=\"#qodef-tab-misyonumuz\">Our Mission<\/a>\n\t\t\t<\/li>\n\t\t\t\t\t<li>\n\t\t\t\t<a href=\"#qodef-tab-vizyonumuz\">Our Vision<\/a>\n\t\t\t<\/li>\n\t\t\t<\/ul>\n\t<div class=\"qodef-tabs-content\" id=\"qodef-tab-misyonumuz-99\">\n\t<div id=\"block-26\" class=\"widget widget_block\" data-area=\"side-area\"><div class=\"wp-block-group\"><div class=\"wp-block-group__inner-container is-layout-flow wp-block-group-is-layout-flow\"><div class=\"qodef-shortcode qodef-m qodef-section-title qodef-alignment--left\"><div class=\"qodef-m-section-text\"><div class=\"flex max-w-full flex-col flex-grow\"><div class=\"min-h-8 text-message flex w-full flex-col items-end gap-2 whitespace-normal break-words [.text-message+&amp;]:mt-5\" dir=\"auto\" data-message-author-role=\"assistant\" data-message-id=\"3322737f-4910-4f5f-9c1f-a2b1783f0b65\"><div class=\"flex w-full flex-col gap-1 empty:hidden first:pt-[3px]\"><div class=\"markdown prose w-full break-words dark:prose-invert light\"><p>Our primary goal is to make a difference in the industry and provide added value to our clients through our unique service approach. We prioritize delivering personalized solutions tailored to each client's needs, placing their satisfaction above all else and building long-term, trust-based business relationships. By emphasizing quality and efficiency at every step, we aim to ensure the highest level of satisfaction in your business processes.<\/p><\/div><\/div><\/div><\/div><\/div><\/div><\/div><\/div><\/div><\/div>\n<div class=\"qodef-tabs-content\" id=\"qodef-tab-vizyonumuz-420\">\n\t<div id=\"block-37\" class=\"widget widget_block\" data-area=\"side-area\"><div class=\"qodef-shortcode qodef-m qodef-section-title qodef-alignment--left\"><div class=\"qodef-m-section-text\"><div class=\"flex max-w-full flex-col flex-grow\"><div class=\"min-h-8 text-message flex w-full flex-col items-end gap-2 whitespace-normal break-words [.text-message+&amp;]:mt-5\" dir=\"auto\" data-message-author-role=\"assistant\" data-message-id=\"1f91612a-dc6b-436b-8aed-f11609fd7179\"><div class=\"flex w-full flex-col gap-1 empty:hidden first:pt-[3px]\"><div class=\"markdown prose w-full break-words dark:prose-invert light\"><p>Reliability is the cornerstone of our business; safeguarding our clients' trade secrets with the utmost care and prioritizing their interests is essential to us. With our extensive knowledge and years of experience, we are committed to delivering the highest quality service under all circumstances and never compromising these principles. In every service we provide, we aim to offer an experience that exceeds expectations by maintaining the highest levels of trust, confidentiality, and professionalism.<\/p><\/div><\/div><\/div><\/div><\/div><\/div><\/div><\/div>\n<\/div>\n\t\t\t\t<\/div>\n\t\t\t\t<\/div>\n\t\t\t\t\t<\/div>\n\t\t<\/div>\n\t\t\t\t<div class=\"elementor-column elementor-col-50 elementor-top-column elementor-element elementor-element-7ba203b qodef-gradient-background-column--no\" data-id=\"7ba203b\" data-element_type=\"column\">\n\t\t\t<div class=\"elementor-widget-wrap elementor-element-populated\">\n\t\t\t\t\t\t<div class=\"elementor-element elementor-element-34fc614 elementor-widget elementor-widget-deon_core_single_image\" data-id=\"34fc614\" data-element_type=\"widget\" data-widget_type=\"deon_core_single_image.default\">\n\t\t\t\t<div class=\"elementor-widget-container\">\n\t\t\t\t\t<div class=\"qodef-shortcode qodef-m  qodef-single-image qodef-layout--default\" >\n\t\t<div class=\"qodef-m-image\">\n\t\t\t\t\t<img decoding=\"async\" width=\"1055\" height=\"663\" src=\"https:\/\/tinazgumruk.com.tr\/wp-content\/uploads\/2021\/11\/About-us-img-2.jpg\" class=\"attachment-full size-full\" alt=\"a\" srcset=\"https:\/\/tinazgumruk.com.tr\/wp-content\/uploads\/2021\/11\/About-us-img-2.jpg 1055w, https:\/\/tinazgumruk.com.tr\/wp-content\/uploads\/2021\/11\/About-us-img-2-300x189.jpg 300w, https:\/\/tinazgumruk.com.tr\/wp-content\/uploads\/2021\/11\/About-us-img-2-1024x644.jpg 1024w, https:\/\/tinazgumruk.com.tr\/wp-content\/uploads\/2021\/11\/About-us-img-2-768x483.jpg 768w\" sizes=\"(max-width: 1055px) 100vw, 1055px\" \/>\t\t\t<\/div>\n<\/div>\n\t\t\t\t<\/div>\n\t\t\t\t<\/div>\n\t\t\t\t\t<\/div>\n\t\t<\/div>\n\t\t\t\t\t<\/div>\n\t\t<\/section>\n\t\t\t\t<section class=\"elementor-section elementor-top-section elementor-element elementor-element-b2e2872 elementor-section-full_width elementor-section-height-default elementor-section-height-default qodef-elementor-content-no\" data-id=\"b2e2872\" data-element_type=\"section\">\n\t\t\t\t\t\t<div class=\"elementor-container elementor-column-gap-default\">\n\t\t\t\t\t<div class=\"elementor-column elementor-col-100 elementor-top-column elementor-element elementor-element-0c325e4 qodef-gradient-background-column--light\" data-id=\"0c325e4\" data-element_type=\"column\" data-settings=\"{&quot;background_background&quot;:&quot;classic&quot;}\">\n\t\t\t<div class=\"elementor-widget-wrap elementor-element-populated\">\n\t\t\t\t\t\t<section class=\"elementor-section elementor-inner-section elementor-element elementor-element-65b577e elementor-section-boxed elementor-section-height-default elementor-section-height-default qodef-elementor-content-no\" data-id=\"65b577e\" data-element_type=\"section\">\n\t\t\t\t\t\t<div class=\"elementor-container elementor-column-gap-default\">\n\t\t\t\t\t<div class=\"elementor-column elementor-col-50 elementor-inner-column elementor-element elementor-element-e019c11 qodef-gradient-background-column--no\" data-id=\"e019c11\" data-element_type=\"column\">\n\t\t\t<div class=\"elementor-widget-wrap elementor-element-populated\">\n\t\t\t\t\t\t<div class=\"elementor-element elementor-element-89fb3a1 elementor-widget elementor-widget-deon_core_section_title\" data-id=\"89fb3a1\" data-element_type=\"widget\" data-widget_type=\"deon_core_section_title.default\">\n\t\t\t\t<div class=\"elementor-widget-container\">\n\t\t\t\t\t<div class=\"qodef-shortcode qodef-m  qodef-section-title qodef-alignment--left\">\n\t\t\t<h3 class=\"qodef-m-title\" >\n\t\t\t\t\tContact Us\t\t\t<\/h3>\n\t\t<div class=\"qodef-m-section-text\" style=\"margin-top: 19px\"><div class=\"flex-1 overflow-hidden\"><div class=\"h-full\"><div class=\"react-scroll-to-bottom--css-zyufi-79elbk h-full\"><div class=\"react-scroll-to-bottom--css-zyufi-1n7m0yu\"><div class=\"flex flex-col text-sm md:pb-9\"><div class=\"m-auto text-base py-[18px] px-3 md:px-4 w-full md:px-5 lg:px-4 xl:px-5\"><div class=\"mx-auto flex flex-1 gap-4 text-base md:gap-5 lg:gap-6 md:max-w-3xl lg:max-w-[40rem] xl:max-w-[48rem]\"><div class=\"group\/conversation-turn relative flex w-full min-w-0 flex-col agent-turn\"><div class=\"flex-col gap-1 md:gap-3\"><div class=\"flex max-w-full flex-col flex-grow\"><div class=\"min-h-8 text-message flex w-full flex-col items-end gap-2 whitespace-normal break-words [.text-message+&amp;]:mt-5\"><div class=\"flex w-full flex-col gap-1 empty:hidden first:pt-[3px]\"><div class=\"result-streaming markdown prose w-full break-words dark:prose-invert light\"><p>Please fill out the form below so we can get back to you as soon as possible. Our customer representative will contact you to assist with your requests.<\/p><\/div><\/div><\/div><\/div><\/div><\/div><\/div><\/div><\/div><\/div><\/div><\/div><\/div><\/div>\n\t\t<\/div>\n\t\t\t\t<\/div>\n\t\t\t\t<\/div>\n\t\t\t\t\t<\/div>\n\t\t<\/div>\n\t\t\t\t<div class=\"elementor-column elementor-col-50 elementor-inner-column elementor-element elementor-element-04ad4cd qodef-gradient-background-column--no\" data-id=\"04ad4cd\" data-element_type=\"column\">\n\t\t\t<div class=\"elementor-widget-wrap elementor-element-populated\">\n\t\t\t\t\t\t<div class=\"elementor-element elementor-element-f7d30ef elementor-widget elementor-widget-html\" data-id=\"f7d30ef\" data-element_type=\"widget\" data-widget_type=\"html.default\">\n\t\t\t\t<div class=\"elementor-widget-container\">\n\t\t\t\t\t<a href=\"\/en\/iletisim\/\">\r\n<svg xmlns=\"http:\/\/www.w3.org\/2000\/svg\" xmlns:xlink=\"http:\/\/www.w3.org\/1999\/xlink\" x=\"0px\" y=\"0px\" width=\"90px\" height=\"90px\" viewbox=\"0 0 90 90\" enable-background=\"new 0 0 90 90\" xml:space=\"preserve\">\r\n<circle fill=\"none\" stroke=\"#C3C4F9\" stroke-width=\"2\" stroke-miterlimit=\"10\" cx=\"45.567\" cy=\"44.925\" r=\"42\"><\/circle>\r\n<g>\r\n\t<path d=\"M51.662,45.394L40.958,56.019l-1.016-0.938l10.235-10.156L40.021,34.769l0.938-0.938l10.704,10.625V45.394z\"><\/path>\r\n<\/g>\r\n<\/svg>\r\n<\/a>\t\t\t\t<\/div>\n\t\t\t\t<\/div>\n\t\t\t\t\t<\/div>\n\t\t<\/div>\n\t\t\t\t\t<\/div>\n\t\t<\/section>\n\t\t\t\t\t<\/div>\n\t\t<\/div>\n\t\t\t\t\t<\/div>\n\t\t<\/section>\n\t\t\t\t<\/div>","protected":false},"excerpt":{"rendered":"<p>Biz Kimiz T\u0131naz G\u00fcmr\u00fck M\u00fc\u015favirli\u011fi 1986 y\u0131l\u0131ndan bu yana m\u00fc\u015fterilerinin ihtiya\u00e7 ve talepleri do\u011frultusunda, D\u0131\u015f Ticaret \u0130\u015flemlerinin t\u00fcm a\u015famalar\u0131nda hizmet vermektedir. Kuruldu\u011fu g\u00fcnden bug\u00fcne kalite felsefesinden \u00f6d\u00fcn vermeden, m\u00fc\u015fterileriyle kar\u015f\u0131l\u0131kl\u0131 g\u00fcvene dayal\u0131 ve uzun vadeli ili\u015fkiler kurmaya \u00f6zen g\u00f6stermi\u015f, ilkeli, d\u00fcr\u00fcst ve sistemli \u00e7al\u0131\u015fmas\u0131n\u0131n sonucunda m\u00fc\u015fterilerinin be\u011feni, \u00f6vg\u00fc ve g\u00fcvenlerini kazanm\u0131\u015ft\u0131r. T\u0131naz ekibi olarak m\u00fc\u015fteri [&hellip;]<\/p>","protected":false},"author":1,"featured_media":0,"parent":0,"menu_order":0,"comment_status":"closed","ping_status":"closed","template":"page-full-width.php","meta":{"footnotes":""},"class_list":["post-4040","page","type-page","status-publish","hentry"],"_links":{"self":[{"href":"https:\/\/tinazgumruk.com.tr\/en\/wp-json\/wp\/v2\/pages\/4040","targetHints":{"allow":["GET"]}}],"collection":[{"href":"https:\/\/tinazgumruk.com.tr\/en\/wp-json\/wp\/v2\/pages"}],"about":[{"href":"https:\/\/tinazgumruk.com.tr\/en\/wp-json\/wp\/v2\/types\/page"}],"author":[{"embeddable":true,"href":"https:\/\/tinazgumruk.com.tr\/en\/wp-json\/wp\/v2\/users\/1"}],"replies":[{"embeddable":true,"href":"https:\/\/tinazgumruk.com.tr\/en\/wp-json\/wp\/v2\/comments?post=4040"}],"version-history":[{"count":79,"href":"https:\/\/tinazgumruk.com.tr\/en\/wp-json\/wp\/v2\/pages\/4040\/revisions"}],"predecessor-version":[{"id":10744,"href":"https:\/\/tinazgumruk.com.tr\/en\/wp-json\/wp\/v2\/pages\/4040\/revisions\/10744"}],"wp:attachment":[{"href":"https:\/\/tinazgumruk.com.tr\/en\/wp-json\/wp\/v2\/media?parent=4040"}],"curies":[{"name":"wp","href":"https:\/\/api.w.org\/{rel}","templated":true}]}}