{"id":1683,"date":"2021-11-22T09:59:33","date_gmt":"2021-11-22T09:59:33","guid":{"rendered":"https:\/\/deon.qodeinteractive.com\/?page_id=1683"},"modified":"2024-12-25T06:05:36","modified_gmt":"2024-12-25T03:05:36","slug":"referanslar","status":"publish","type":"page","link":"https:\/\/tinazgumruk.com.tr\/en\/referanslar\/","title":{"rendered":"References"},"content":{"rendered":"<div data-elementor-type=\"wp-page\" data-elementor-id=\"1683\" class=\"elementor elementor-1683\">\n\t\t\t\t\t\t<section class=\"elementor-section elementor-top-section elementor-element elementor-element-b84871b elementor-section-full_width qodef-elementor-content-grid elementor-section-height-default elementor-section-height-default\" data-id=\"b84871b\" data-element_type=\"section\">\n\t\t\t\t\t\t<div class=\"elementor-container elementor-column-gap-default\">\n\t\t\t\t\t<div class=\"elementor-column elementor-col-100 elementor-top-column elementor-element elementor-element-733fc90 qodef-gradient-background-column--no\" data-id=\"733fc90\" data-element_type=\"column\">\n\t\t\t<div class=\"elementor-widget-wrap elementor-element-populated\">\n\t\t\t\t\t\t<div class=\"elementor-element elementor-element-942d02b elementor-widget elementor-widget-deon_core_portfolio_list\" data-id=\"942d02b\" data-element_type=\"widget\" data-widget_type=\"deon_core_portfolio_list.default\">\n\t\t\t\t<div class=\"elementor-widget-container\">\n\t\t\t\t\t<div class=\"qodef-shortcode qodef-m  qodef-portfolio-list qodef-item-layout--info-on-hover qodef-grid qodef-layout--columns  qodef-gutter--normal qodef-col-num--5 qodef-item-layout--info-on-hover qodef-pagination--on qodef-pagination-type--infinite-scroll qodef-responsive--custom qodef-col-num--1440--3 qodef-col-num--1366--3 qodef-col-num--1024--3 qodef-col-num--768--2 qodef-col-num--680--2 qodef-col-num--480--1\" data-options=\"{&quot;plugin&quot;:&quot;deon_core&quot;,&quot;module&quot;:&quot;post-types\\\/portfolio\\\/shortcodes&quot;,&quot;shortcode&quot;:&quot;portfolio-list&quot;,&quot;post_type&quot;:&quot;portfolio-item&quot;,&quot;next_page&quot;:&quot;2&quot;,&quot;max_pages_num&quot;:5,&quot;show_category&quot;:&quot;yes&quot;,&quot;behavior&quot;:&quot;columns&quot;,&quot;images_proportion&quot;:&quot;full&quot;,&quot;columns&quot;:&quot;5&quot;,&quot;columns_responsive&quot;:&quot;custom&quot;,&quot;columns_1440&quot;:&quot;3&quot;,&quot;columns_1366&quot;:&quot;3&quot;,&quot;columns_1024&quot;:&quot;3&quot;,&quot;columns_768&quot;:&quot;2&quot;,&quot;columns_680&quot;:&quot;2&quot;,&quot;columns_480&quot;:&quot;1&quot;,&quot;space&quot;:&quot;normal&quot;,&quot;posts_per_page&quot;:&quot;9&quot;,&quot;orderby&quot;:&quot;name&quot;,&quot;order&quot;:&quot;ASC&quot;,&quot;additional_params&quot;:&quot;tax&quot;,&quot;tax&quot;:&quot;portfolio-category&quot;,&quot;layout&quot;:&quot;info-on-hover&quot;,&quot;title_tag&quot;:&quot;h6&quot;,&quot;custom_margin&quot;:&quot;no&quot;,&quot;pagination_type&quot;:&quot;infinite-scroll&quot;,&quot;object_class_name&quot;:&quot;DeonCore_Portfolio_List_Shortcode&quot;,&quot;taxonomy_filter&quot;:&quot;portfolio-category&quot;,&quot;unique&quot;:572,&quot;additional_query_args&quot;:[],&quot;space_value&quot;:15}\">\n\t\t<div class=\"qodef-grid-inner clear\">\n\t\t<article class=\"qodef-e qodef-grid-item qodef-item--full post-10647 portfolio-item type-portfolio-item status-publish hentry\">\n\t<div class=\"qodef-e-inner\" >\n\t\t\t<div class=\"qodef-e-media-image qodef--background\" style=\"background-image: url( https:\/\/tinazgumruk.com.tr\/wp-content\/uploads\/2024\/12\/altunel.png)\">\n\t\t<img fetchpriority=\"high\" decoding=\"async\" width=\"461\" height=\"461\" src=\"https:\/\/tinazgumruk.com.tr\/wp-content\/uploads\/2024\/12\/altunel.png\" class=\"attachment-full size-full\" alt=\"\" srcset=\"https:\/\/tinazgumruk.com.tr\/wp-content\/uploads\/2024\/12\/altunel.png 461w, https:\/\/tinazgumruk.com.tr\/wp-content\/uploads\/2024\/12\/altunel-300x300.png 300w, https:\/\/tinazgumruk.com.tr\/wp-content\/uploads\/2024\/12\/altunel-150x150.png 150w, https:\/\/tinazgumruk.com.tr\/wp-content\/uploads\/2024\/12\/altunel-12x12.png 12w\" sizes=\"(max-width: 461px) 100vw, 461px\" \/>\t<\/div>\n\t\t<div class=\"qodef-e-content\">\n\t\t\t<div class=\"qodef-e-top-holder\">\n\n\t\t\t<\/div>\n\t\t\t<div class=\"qodef-e-text\">\n\t\t\t\t<h6 itemprop=\"name\" class=\"qodef-e-title entry-title\" >\n\t<a itemprop=\"url\" class=\"qodef-e-title-link\" href=\"https:\/\/tinazgumruk.com.tr\/en\/referans\/altunel-hirdavatcilik-ticaret-ve-sanayi-a-s\/\" target=\"_self\">\n\t\tALTUNEL HIRDAVAT\u00c7ILIK T\u0130CARET VE SANAY\u0130 A.\u015e.\t<\/a>\n<\/h6>\n\t\t\t\t\t<div class=\"qodef-e-info\">\n\t\t\t\t\t\t\t\t\t\t\t<\/div>\n\t\t\t\t\t\t\t<\/div>\n\t\t<\/div>\n\t\t<a itemprop=\"url\" class=\"qodef-e-post-link\" href=\"https:\/\/tinazgumruk.com.tr\/en\/referans\/altunel-hirdavatcilik-ticaret-ve-sanayi-a-s\/\" target=\"_self\"><\/a>\n\t<\/div>\n<\/article>\n<article class=\"qodef-e qodef-grid-item qodef-item--full post-10638 portfolio-item type-portfolio-item status-publish hentry\">\n\t<div class=\"qodef-e-inner\" >\n\t\t\t<div class=\"qodef-e-media-image qodef--background\" style=\"background-image: url( https:\/\/tinazgumruk.com.tr\/wp-content\/uploads\/2024\/12\/atlas.png)\">\n\t\t<img decoding=\"async\" width=\"270\" height=\"270\" src=\"https:\/\/tinazgumruk.com.tr\/wp-content\/uploads\/2024\/12\/atlas.png\" class=\"attachment-full size-full\" alt=\"\" srcset=\"https:\/\/tinazgumruk.com.tr\/wp-content\/uploads\/2024\/12\/atlas.png 270w, https:\/\/tinazgumruk.com.tr\/wp-content\/uploads\/2024\/12\/atlas-150x150.png 150w, https:\/\/tinazgumruk.com.tr\/wp-content\/uploads\/2024\/12\/atlas-12x12.png 12w\" sizes=\"(max-width: 270px) 100vw, 270px\" \/>\t<\/div>\n\t\t<div class=\"qodef-e-content\">\n\t\t\t<div class=\"qodef-e-top-holder\">\n\n\t\t\t<\/div>\n\t\t\t<div class=\"qodef-e-text\">\n\t\t\t\t<h6 itemprop=\"name\" class=\"qodef-e-title entry-title\" >\n\t<a itemprop=\"url\" class=\"qodef-e-title-link\" href=\"https:\/\/tinazgumruk.com.tr\/en\/referans\/atlas-tohum-ziraat-limited-sirketi\/\" target=\"_self\">\n\t\tATLAS TOHUM Z\u0130RAAT L\u0130M\u0130TED \u015e\u0130RKET\u0130\t<\/a>\n<\/h6>\n\t\t\t\t\t<div class=\"qodef-e-info\">\n\t\t\t\t\t\t\t\t\t\t\t<\/div>\n\t\t\t\t\t\t\t<\/div>\n\t\t<\/div>\n\t\t<a itemprop=\"url\" class=\"qodef-e-post-link\" href=\"https:\/\/tinazgumruk.com.tr\/en\/referans\/atlas-tohum-ziraat-limited-sirketi\/\" target=\"_self\"><\/a>\n\t<\/div>\n<\/article>\n<article class=\"qodef-e qodef-grid-item qodef-item--full post-10644 portfolio-item type-portfolio-item status-publish hentry\">\n\t<div class=\"qodef-e-inner\" >\n\t\t\t<div class=\"qodef-e-media-image qodef--background\" style=\"background-image: url( https:\/\/tinazgumruk.com.tr\/wp-content\/uploads\/2024\/12\/aydin_linyit.png)\">\n\t\t<img decoding=\"async\" width=\"301\" height=\"301\" src=\"https:\/\/tinazgumruk.com.tr\/wp-content\/uploads\/2024\/12\/aydin_linyit.png\" class=\"attachment-full size-full\" alt=\"\" srcset=\"https:\/\/tinazgumruk.com.tr\/wp-content\/uploads\/2024\/12\/aydin_linyit.png 301w, https:\/\/tinazgumruk.com.tr\/wp-content\/uploads\/2024\/12\/aydin_linyit-150x150.png 150w, https:\/\/tinazgumruk.com.tr\/wp-content\/uploads\/2024\/12\/aydin_linyit-12x12.png 12w\" sizes=\"(max-width: 301px) 100vw, 301px\" \/>\t<\/div>\n\t\t<div class=\"qodef-e-content\">\n\t\t\t<div class=\"qodef-e-top-holder\">\n\n\t\t\t<\/div>\n\t\t\t<div class=\"qodef-e-text\">\n\t\t\t\t<h6 itemprop=\"name\" class=\"qodef-e-title entry-title\" >\n\t<a itemprop=\"url\" class=\"qodef-e-title-link\" href=\"https:\/\/tinazgumruk.com.tr\/en\/referans\/aydin-linyit-madencilik-ve-akaryakit-sanayi-ve-ticaret-a-s\/\" target=\"_self\">\n\t\tAYDIN L\u0130NY\u0130T MADENC\u0130L\u0130K VE AKARYAKIT SANAY\u0130 VE T\u0130CARET A.\u015e.\t<\/a>\n<\/h6>\n\t\t\t\t\t<div class=\"qodef-e-info\">\n\t\t\t\t\t\t\t\t\t\t\t<\/div>\n\t\t\t\t\t\t\t<\/div>\n\t\t<\/div>\n\t\t<a itemprop=\"url\" class=\"qodef-e-post-link\" href=\"https:\/\/tinazgumruk.com.tr\/en\/referans\/aydin-linyit-madencilik-ve-akaryakit-sanayi-ve-ticaret-a-s\/\" target=\"_self\"><\/a>\n\t<\/div>\n<\/article>\n<article class=\"qodef-e qodef-grid-item qodef-item--full post-10639 portfolio-item type-portfolio-item status-publish hentry\">\n\t<div class=\"qodef-e-inner\" >\n\t\t\t<div class=\"qodef-e-media-image qodef--background\" style=\"background-image: url( https:\/\/tinazgumruk.com.tr\/wp-content\/uploads\/2024\/12\/bm_makina.png)\">\n\t\t<img loading=\"lazy\" decoding=\"async\" width=\"423\" height=\"423\" src=\"https:\/\/tinazgumruk.com.tr\/wp-content\/uploads\/2024\/12\/bm_makina.png\" class=\"attachment-full size-full\" alt=\"\" srcset=\"https:\/\/tinazgumruk.com.tr\/wp-content\/uploads\/2024\/12\/bm_makina.png 423w, https:\/\/tinazgumruk.com.tr\/wp-content\/uploads\/2024\/12\/bm_makina-300x300.png 300w, https:\/\/tinazgumruk.com.tr\/wp-content\/uploads\/2024\/12\/bm_makina-150x150.png 150w, https:\/\/tinazgumruk.com.tr\/wp-content\/uploads\/2024\/12\/bm_makina-12x12.png 12w\" sizes=\"(max-width: 423px) 100vw, 423px\" \/>\t<\/div>\n\t\t<div class=\"qodef-e-content\">\n\t\t\t<div class=\"qodef-e-top-holder\">\n\n\t\t\t<\/div>\n\t\t\t<div class=\"qodef-e-text\">\n\t\t\t\t<h6 itemprop=\"name\" class=\"qodef-e-title entry-title\" >\n\t<a itemprop=\"url\" class=\"qodef-e-title-link\" href=\"https:\/\/tinazgumruk.com.tr\/en\/referans\/bm-makina-sanayi-ve-ticaret-a-s\/\" target=\"_self\">\n\t\tBM MAK\u0130NA SANAY\u0130 VE T\u0130CARET A.\u015e.\t<\/a>\n<\/h6>\n\t\t\t\t\t<div class=\"qodef-e-info\">\n\t\t\t\t\t\t\t\t\t\t\t<\/div>\n\t\t\t\t\t\t\t<\/div>\n\t\t<\/div>\n\t\t<a itemprop=\"url\" class=\"qodef-e-post-link\" href=\"https:\/\/tinazgumruk.com.tr\/en\/referans\/bm-makina-sanayi-ve-ticaret-a-s\/\" target=\"_self\"><\/a>\n\t<\/div>\n<\/article>\n<article class=\"qodef-e qodef-grid-item qodef-item--full post-10622 portfolio-item type-portfolio-item status-publish hentry\">\n\t<div class=\"qodef-e-inner\" >\n\t\t\t<div class=\"qodef-e-media-image qodef--background\" style=\"background-image: url( https:\/\/tinazgumruk.com.tr\/wp-content\/uploads\/2024\/12\/corvus.png)\">\n\t\t<img loading=\"lazy\" decoding=\"async\" width=\"362\" height=\"362\" src=\"https:\/\/tinazgumruk.com.tr\/wp-content\/uploads\/2024\/12\/corvus.png\" class=\"attachment-full size-full\" alt=\"\" srcset=\"https:\/\/tinazgumruk.com.tr\/wp-content\/uploads\/2024\/12\/corvus.png 362w, https:\/\/tinazgumruk.com.tr\/wp-content\/uploads\/2024\/12\/corvus-300x300.png 300w, https:\/\/tinazgumruk.com.tr\/wp-content\/uploads\/2024\/12\/corvus-150x150.png 150w, https:\/\/tinazgumruk.com.tr\/wp-content\/uploads\/2024\/12\/corvus-12x12.png 12w\" sizes=\"(max-width: 362px) 100vw, 362px\" \/>\t<\/div>\n\t\t<div class=\"qodef-e-content\">\n\t\t\t<div class=\"qodef-e-top-holder\">\n\n\t\t\t<\/div>\n\t\t\t<div class=\"qodef-e-text\">\n\t\t\t\t<h6 itemprop=\"name\" class=\"qodef-e-title entry-title\" >\n\t<a itemprop=\"url\" class=\"qodef-e-title-link\" href=\"https:\/\/tinazgumruk.com.tr\/en\/referans\/corvus-sarapcilik-tarim-turizm-gida-urunleri-uretim-paz-san-tic-ltd-sti\/\" target=\"_self\">\n\t\tCorvus \u015earap\u00e7\u0131l\u0131k Tar\u0131m Turizm G\u0131da \u00dcr\u00fcnleri \u00dcretim Paz. San.Tic.Ltd. \u015eti.\t<\/a>\n<\/h6>\n\t\t\t\t\t<div class=\"qodef-e-info\">\n\t\t\t\t\t\t\t\t\t\t\t<\/div>\n\t\t\t\t\t\t\t<\/div>\n\t\t<\/div>\n\t\t<a itemprop=\"url\" class=\"qodef-e-post-link\" href=\"https:\/\/tinazgumruk.com.tr\/en\/referans\/corvus-sarapcilik-tarim-turizm-gida-urunleri-uretim-paz-san-tic-ltd-sti\/\" target=\"_self\"><\/a>\n\t<\/div>\n<\/article>\n<article class=\"qodef-e qodef-grid-item qodef-item--full post-10625 portfolio-item type-portfolio-item status-publish hentry\">\n\t<div class=\"qodef-e-inner\" >\n\t\t\t<div class=\"qodef-e-media-image qodef--background\" style=\"background-image: url( https:\/\/tinazgumruk.com.tr\/wp-content\/uploads\/2024\/12\/dekorem.png)\">\n\t\t<img loading=\"lazy\" decoding=\"async\" width=\"288\" height=\"288\" src=\"https:\/\/tinazgumruk.com.tr\/wp-content\/uploads\/2024\/12\/dekorem.png\" class=\"attachment-full size-full\" alt=\"\" srcset=\"https:\/\/tinazgumruk.com.tr\/wp-content\/uploads\/2024\/12\/dekorem.png 288w, https:\/\/tinazgumruk.com.tr\/wp-content\/uploads\/2024\/12\/dekorem-150x150.png 150w, https:\/\/tinazgumruk.com.tr\/wp-content\/uploads\/2024\/12\/dekorem-12x12.png 12w\" sizes=\"(max-width: 288px) 100vw, 288px\" \/>\t<\/div>\n\t\t<div class=\"qodef-e-content\">\n\t\t\t<div class=\"qodef-e-top-holder\">\n\n\t\t\t<\/div>\n\t\t\t<div class=\"qodef-e-text\">\n\t\t\t\t<h6 itemprop=\"name\" class=\"qodef-e-title entry-title\" >\n\t<a itemprop=\"url\" class=\"qodef-e-title-link\" href=\"https:\/\/tinazgumruk.com.tr\/en\/referans\/dekorem-mimarlik-ticaret-ltd-sti\/\" target=\"_self\">\n\t\tDEKOREM M\u0130MARLIK T\u0130CARET LTD.\u015eT\u0130.\t<\/a>\n<\/h6>\n\t\t\t\t\t<div class=\"qodef-e-info\">\n\t\t\t\t\t\t\t\t\t\t\t<\/div>\n\t\t\t\t\t\t\t<\/div>\n\t\t<\/div>\n\t\t<a itemprop=\"url\" class=\"qodef-e-post-link\" href=\"https:\/\/tinazgumruk.com.tr\/en\/referans\/dekorem-mimarlik-ticaret-ltd-sti\/\" target=\"_self\"><\/a>\n\t<\/div>\n<\/article>\n<article class=\"qodef-e qodef-grid-item qodef-item--full post-10657 portfolio-item type-portfolio-item status-publish hentry\">\n\t<div class=\"qodef-e-inner\" >\n\t\t\t<div class=\"qodef-e-media-image qodef--background\" style=\"background-image: url( https:\/\/tinazgumruk.com.tr\/wp-content\/uploads\/2024\/12\/depa.png)\">\n\t\t<img loading=\"lazy\" decoding=\"async\" width=\"629\" height=\"629\" src=\"https:\/\/tinazgumruk.com.tr\/wp-content\/uploads\/2024\/12\/depa.png\" class=\"attachment-full size-full\" alt=\"\" srcset=\"https:\/\/tinazgumruk.com.tr\/wp-content\/uploads\/2024\/12\/depa.png 629w, https:\/\/tinazgumruk.com.tr\/wp-content\/uploads\/2024\/12\/depa-300x300.png 300w, https:\/\/tinazgumruk.com.tr\/wp-content\/uploads\/2024\/12\/depa-150x150.png 150w, https:\/\/tinazgumruk.com.tr\/wp-content\/uploads\/2024\/12\/depa-12x12.png 12w\" sizes=\"(max-width: 629px) 100vw, 629px\" \/>\t<\/div>\n\t\t<div class=\"qodef-e-content\">\n\t\t\t<div class=\"qodef-e-top-holder\">\n\n\t\t\t<\/div>\n\t\t\t<div class=\"qodef-e-text\">\n\t\t\t\t<h6 itemprop=\"name\" class=\"qodef-e-title entry-title\" >\n\t<a itemprop=\"url\" class=\"qodef-e-title-link\" href=\"https:\/\/tinazgumruk.com.tr\/en\/referans\/depa-ev-ve-mutfak-gerecleri-san-tic-ltd-sti\/\" target=\"_self\">\n\t\tDEPA EV VE MUTFAK GERE\u00c7LER\u0130 SAN. T\u0130C.LTD.\u015eT\u0130.\t<\/a>\n<\/h6>\n\t\t\t\t\t<div class=\"qodef-e-info\">\n\t\t\t\t\t\t\t\t\t\t\t<\/div>\n\t\t\t\t\t\t\t<\/div>\n\t\t<\/div>\n\t\t<a itemprop=\"url\" class=\"qodef-e-post-link\" href=\"https:\/\/tinazgumruk.com.tr\/en\/referans\/depa-ev-ve-mutfak-gerecleri-san-tic-ltd-sti\/\" target=\"_self\"><\/a>\n\t<\/div>\n<\/article>\n<article class=\"qodef-e qodef-grid-item qodef-item--full post-10629 portfolio-item type-portfolio-item status-publish hentry\">\n\t<div class=\"qodef-e-inner\" >\n\t\t\t<div class=\"qodef-e-media-image qodef--background\" style=\"background-image: url( https:\/\/tinazgumruk.com.tr\/wp-content\/uploads\/2024\/12\/ebebek.png)\">\n\t\t<img loading=\"lazy\" decoding=\"async\" width=\"400\" height=\"400\" src=\"https:\/\/tinazgumruk.com.tr\/wp-content\/uploads\/2024\/12\/ebebek.png\" class=\"attachment-full size-full\" alt=\"\" srcset=\"https:\/\/tinazgumruk.com.tr\/wp-content\/uploads\/2024\/12\/ebebek.png 400w, https:\/\/tinazgumruk.com.tr\/wp-content\/uploads\/2024\/12\/ebebek-300x300.png 300w, https:\/\/tinazgumruk.com.tr\/wp-content\/uploads\/2024\/12\/ebebek-150x150.png 150w, https:\/\/tinazgumruk.com.tr\/wp-content\/uploads\/2024\/12\/ebebek-12x12.png 12w\" sizes=\"(max-width: 400px) 100vw, 400px\" \/>\t<\/div>\n\t\t<div class=\"qodef-e-content\">\n\t\t\t<div class=\"qodef-e-top-holder\">\n\n\t\t\t<\/div>\n\t\t\t<div class=\"qodef-e-text\">\n\t\t\t\t<h6 itemprop=\"name\" class=\"qodef-e-title entry-title\" >\n\t<a itemprop=\"url\" class=\"qodef-e-title-link\" href=\"https:\/\/tinazgumruk.com.tr\/en\/referans\/ebebek-magazacilik-a-s\/\" target=\"_self\">\n\t\tEBEBEK MA\u011eAZACILIK A.\u015e.\t<\/a>\n<\/h6>\n\t\t\t\t\t<div class=\"qodef-e-info\">\n\t\t\t\t\t\t\t\t\t\t\t<\/div>\n\t\t\t\t\t\t\t<\/div>\n\t\t<\/div>\n\t\t<a itemprop=\"url\" class=\"qodef-e-post-link\" href=\"https:\/\/tinazgumruk.com.tr\/en\/referans\/ebebek-magazacilik-a-s\/\" target=\"_self\"><\/a>\n\t<\/div>\n<\/article>\n<article class=\"qodef-e qodef-grid-item qodef-item--full post-10646 portfolio-item type-portfolio-item status-publish hentry\">\n\t<div class=\"qodef-e-inner\" >\n\t\t\t<div class=\"qodef-e-media-image qodef--background\" style=\"background-image: url( https:\/\/tinazgumruk.com.tr\/wp-content\/uploads\/2024\/12\/erg_sports.png)\">\n\t\t<img loading=\"lazy\" decoding=\"async\" width=\"426\" height=\"426\" src=\"https:\/\/tinazgumruk.com.tr\/wp-content\/uploads\/2024\/12\/erg_sports.png\" class=\"attachment-full size-full\" alt=\"\" srcset=\"https:\/\/tinazgumruk.com.tr\/wp-content\/uploads\/2024\/12\/erg_sports.png 426w, https:\/\/tinazgumruk.com.tr\/wp-content\/uploads\/2024\/12\/erg_sports-300x300.png 300w, https:\/\/tinazgumruk.com.tr\/wp-content\/uploads\/2024\/12\/erg_sports-150x150.png 150w, https:\/\/tinazgumruk.com.tr\/wp-content\/uploads\/2024\/12\/erg_sports-12x12.png 12w\" sizes=\"(max-width: 426px) 100vw, 426px\" \/>\t<\/div>\n\t\t<div class=\"qodef-e-content\">\n\t\t\t<div class=\"qodef-e-top-holder\">\n\n\t\t\t<\/div>\n\t\t\t<div class=\"qodef-e-text\">\n\t\t\t\t<h6 itemprop=\"name\" class=\"qodef-e-title entry-title\" >\n\t<a itemprop=\"url\" class=\"qodef-e-title-link\" href=\"https:\/\/tinazgumruk.com.tr\/en\/referans\/erg-spor-hizmetleri-ve-tic-a-s\/\" target=\"_self\">\n\t\tERG SPOR H\u0130ZMETLER\u0130 VE T\u0130C.A.\u015e.\t<\/a>\n<\/h6>\n\t\t\t\t\t<div class=\"qodef-e-info\">\n\t\t\t\t\t\t\t\t\t\t\t<\/div>\n\t\t\t\t\t\t\t<\/div>\n\t\t<\/div>\n\t\t<a itemprop=\"url\" class=\"qodef-e-post-link\" href=\"https:\/\/tinazgumruk.com.tr\/en\/referans\/erg-spor-hizmetleri-ve-tic-a-s\/\" target=\"_self\"><\/a>\n\t<\/div>\n<\/article>\n\t<\/div>\n\t\t<div class=\"qodef-m-pagination qodef--infinite-scroll\">\n\t\t<svg class=\"qodef-svg--spinner qodef-m-pagination-spinner\" xmlns=\"http:\/\/www.w3.org\/2000\/svg\" width=\"512\" height=\"512\" viewbox=\"0 0 512 512\"><path d=\"M304 48c0 26.51-21.49 48-48 48s-48-21.49-48-48 21.49-48 48-48 48 21.49 48 48zm-48 368c-26.51 0-48 21.49-48 48s21.49 48 48 48 48-21.49 48-48-21.49-48-48-48zm208-208c-26.51 0-48 21.49-48 48s21.49 48 48 48 48-21.49 48-48-21.49-48-48-48zM96 256c0-26.51-21.49-48-48-48S0 229.49 0 256s21.49 48 48 48 48-21.49 48-48zm12.922 99.078c-26.51 0-48 21.49-48 48s21.49 48 48 48 48-21.49 48-48c0-26.509-21.491-48-48-48zm294.156 0c-26.51 0-48 21.49-48 48s21.49 48 48 48 48-21.49 48-48c0-26.509-21.49-48-48-48zM108.922 60.922c-26.51 0-48 21.49-48 48s21.49 48 48 48 48-21.49 48-48-21.491-48-48-48z\"><\/path><\/svg>\t<\/div>\n<\/div>\n\t\t\t\t<\/div>\n\t\t\t\t<\/div>\n\t\t\t\t\t<\/div>\n\t\t<\/div>\n\t\t\t\t\t<\/div>\n\t\t<\/section>\n\t\t\t\t<section class=\"elementor-section elementor-top-section elementor-element elementor-element-4a5b5e3 elementor-section-full_width elementor-section-height-default elementor-section-height-default qodef-elementor-content-no\" data-id=\"4a5b5e3\" data-element_type=\"section\">\n\t\t\t\t\t\t<div class=\"elementor-container elementor-column-gap-default\">\n\t\t\t\t\t<div class=\"elementor-column elementor-col-100 elementor-top-column elementor-element elementor-element-b10105e qodef-gradient-background-column--light\" data-id=\"b10105e\" data-element_type=\"column\" data-settings=\"{&quot;background_background&quot;:&quot;classic&quot;}\">\n\t\t\t<div class=\"elementor-widget-wrap elementor-element-populated\">\n\t\t\t\t\t\t<section class=\"elementor-section elementor-inner-section elementor-element elementor-element-adacf02 elementor-section-boxed elementor-section-height-default elementor-section-height-default qodef-elementor-content-no\" data-id=\"adacf02\" data-element_type=\"section\">\n\t\t\t\t\t\t<div class=\"elementor-container elementor-column-gap-default\">\n\t\t\t\t\t<div class=\"elementor-column elementor-col-50 elementor-inner-column elementor-element elementor-element-40a29ab qodef-gradient-background-column--no\" data-id=\"40a29ab\" data-element_type=\"column\">\n\t\t\t<div class=\"elementor-widget-wrap elementor-element-populated\">\n\t\t\t\t\t\t<div class=\"elementor-element elementor-element-ba6354a elementor-widget elementor-widget-deon_core_section_title\" data-id=\"ba6354a\" data-element_type=\"widget\" data-widget_type=\"deon_core_section_title.default\">\n\t\t\t\t<div class=\"elementor-widget-container\">\n\t\t\t\t\t<div class=\"qodef-shortcode qodef-m  qodef-section-title qodef-alignment--left\">\n\t\t\t<h3 class=\"qodef-m-title\" >\n\t\t\t\t\tContact Us\t\t\t<\/h3>\n\t\t<div class=\"qodef-m-section-text\" style=\"margin-top: 19px\"><div class=\"flex-1 overflow-hidden\"><div class=\"h-full\"><div class=\"react-scroll-to-bottom--css-zyufi-79elbk h-full\"><div class=\"react-scroll-to-bottom--css-zyufi-1n7m0yu\"><div class=\"flex flex-col text-sm md:pb-9\"><div class=\"m-auto text-base py-[18px] px-3 md:px-4 w-full md:px-5 lg:px-4 xl:px-5\"><div class=\"mx-auto flex flex-1 gap-4 text-base md:gap-5 lg:gap-6 md:max-w-3xl lg:max-w-[40rem] xl:max-w-[48rem]\"><div class=\"group\/conversation-turn relative flex w-full min-w-0 flex-col agent-turn\"><div class=\"flex-col gap-1 md:gap-3\"><div class=\"flex max-w-full flex-col flex-grow\"><div class=\"min-h-8 text-message flex w-full flex-col items-end gap-2 whitespace-normal break-words [.text-message+&amp;]:mt-5\"><div class=\"flex w-full flex-col gap-1 empty:hidden first:pt-[3px]\"><div class=\"result-streaming markdown prose w-full break-words dark:prose-invert light\"><p>Please fill out the form below so we can get back to you as soon as possible. Our customer representative will contact you to assist with your requests.<\/p><\/div><\/div><\/div><\/div><\/div><\/div><\/div><\/div><\/div><\/div><\/div><\/div><\/div><\/div>\n\t\t<\/div>\n\t\t\t\t<\/div>\n\t\t\t\t<\/div>\n\t\t\t\t\t<\/div>\n\t\t<\/div>\n\t\t\t\t<div class=\"elementor-column elementor-col-50 elementor-inner-column elementor-element elementor-element-d86ae64 qodef-gradient-background-column--no\" data-id=\"d86ae64\" data-element_type=\"column\">\n\t\t\t<div class=\"elementor-widget-wrap elementor-element-populated\">\n\t\t\t\t\t\t<div class=\"elementor-element elementor-element-1f61b4f elementor-widget elementor-widget-html\" data-id=\"1f61b4f\" data-element_type=\"widget\" data-widget_type=\"html.default\">\n\t\t\t\t<div class=\"elementor-widget-container\">\n\t\t\t\t\t<a href=\"\/en\/iletisim\/\">\r\n<svg xmlns=\"http:\/\/www.w3.org\/2000\/svg\" xmlns:xlink=\"http:\/\/www.w3.org\/1999\/xlink\" x=\"0px\" y=\"0px\" width=\"90px\" height=\"90px\" viewbox=\"0 0 90 90\" enable-background=\"new 0 0 90 90\" xml:space=\"preserve\">\r\n<circle fill=\"none\" stroke=\"#C3C4F9\" stroke-width=\"2\" stroke-miterlimit=\"10\" cx=\"45.567\" cy=\"44.925\" r=\"42\"><\/circle>\r\n<g>\r\n\t<path d=\"M51.662,45.394L40.958,56.019l-1.016-0.938l10.235-10.156L40.021,34.769l0.938-0.938l10.704,10.625V45.394z\"><\/path>\r\n<\/g>\r\n<\/svg>\r\n<\/a>\t\t\t\t<\/div>\n\t\t\t\t<\/div>\n\t\t\t\t\t<\/div>\n\t\t<\/div>\n\t\t\t\t\t<\/div>\n\t\t<\/section>\n\t\t\t\t\t<\/div>\n\t\t<\/div>\n\t\t\t\t\t<\/div>\n\t\t<\/section>\n\t\t\t\t<\/div>","protected":false},"excerpt":{"rendered":"<p>ALTUNEL HIRDAVAT\u00c7ILIK T\u0130CARET VE SANAY\u0130 A.\u015e. ATLAS TOHUM Z\u0130RAAT L\u0130M\u0130TED \u015e\u0130RKET\u0130 AYDIN L\u0130NY\u0130T MADENC\u0130L\u0130K VE AKARYAKIT SANAY\u0130 VE T\u0130CARET A.\u015e. BM MAK\u0130NA SANAY\u0130 VE T\u0130CARET A.\u015e. Corvus \u015earap\u00e7\u0131l\u0131k Tar\u0131m Turizm G\u0131da \u00dcr\u00fcnleri \u00dcretim Paz. San.Tic.Ltd. \u015eti. DEKOREM M\u0130MARLIK T\u0130CARET LTD.\u015eT\u0130. DEPA EV VE MUTFAK GERE\u00c7LER\u0130 SAN. T\u0130C.LTD.\u015eT\u0130. EBEBEK MA\u011eAZACILIK A.\u015e. ERG SPOR H\u0130ZMETLER\u0130 VE T\u0130C.A.\u015e. [&hellip;]<\/p>","protected":false},"author":1,"featured_media":0,"parent":0,"menu_order":0,"comment_status":"closed","ping_status":"closed","template":"page-full-width.php","meta":{"footnotes":""},"class_list":["post-1683","page","type-page","status-publish","hentry"],"_links":{"self":[{"href":"https:\/\/tinazgumruk.com.tr\/en\/wp-json\/wp\/v2\/pages\/1683","targetHints":{"allow":["GET"]}}],"collection":[{"href":"https:\/\/tinazgumruk.com.tr\/en\/wp-json\/wp\/v2\/pages"}],"about":[{"href":"https:\/\/tinazgumruk.com.tr\/en\/wp-json\/wp\/v2\/types\/page"}],"author":[{"embeddable":true,"href":"https:\/\/tinazgumruk.com.tr\/en\/wp-json\/wp\/v2\/users\/1"}],"replies":[{"embeddable":true,"href":"https:\/\/tinazgumruk.com.tr\/en\/wp-json\/wp\/v2\/comments?post=1683"}],"version-history":[{"count":37,"href":"https:\/\/tinazgumruk.com.tr\/en\/wp-json\/wp\/v2\/pages\/1683\/revisions"}],"predecessor-version":[{"id":10720,"href":"https:\/\/tinazgumruk.com.tr\/en\/wp-json\/wp\/v2\/pages\/1683\/revisions\/10720"}],"wp:attachment":[{"href":"https:\/\/tinazgumruk.com.tr\/en\/wp-json\/wp\/v2\/media?parent=1683"}],"curies":[{"name":"wp","href":"https:\/\/api.w.org\/{rel}","templated":true}]}}